{"id":10021,"date":"2026-03-28T17:30:48","date_gmt":"2026-03-28T17:30:48","guid":{"rendered":"https:\/\/www.celinevarin.com\/?page_id=10021"},"modified":"2026-04-16T12:43:59","modified_gmt":"2026-04-16T12:43:59","slug":"le-coaching-decoration","status":"publish","type":"page","link":"https:\/\/www.celinevarin.com\/index.php\/le-coaching-decoration\/","title":{"rendered":"Le coaching d\u00e9coration"},"content":{"rendered":"<div class=\"wpb-content-wrapper\"><p>[vc_section css=\u00a0\u00bb.vc_custom_1773586873663{margin-top: 0px !important;padding-top: 0px !important;}\u00a0\u00bb][vc_row css=\u00a0\u00bb.vc_custom_1773586841733{margin-top: 0px !important;padding-top: 0px !important;}\u00a0\u00bb][vc_column]\n\t\t\t\t<p class=\"rs-p-wp-fix\"><\/p>\n\t\t\t\t<sr7-module data-alias=\"Brooklyn-49\" data-id=\"1\" id=\"SR7_1_1\" class=\"rs-ov-hidden\" data-version=\"6.7.37\">\n\t\t\t\t\t<sr7-adjuster><\/sr7-adjuster>\n\t\t\t\t\t<sr7-content>\n\t\t\t\t\t\t<sr7-slide id=\"SR7_1_1-1\" data-key=\"1\">\n\t\t\t\t\t\t\t<sr7-bg id=\"SR7_1_1-1-6\" class=\"sr7-layer\"><noscript><img decoding=\"async\" src=\"http:\/\/www.celinevarin.com\/wp-content\/uploads\/2026\/03\/Salon_Accueil.jpg\" alt=\"\" title=\"Salon_Accueil\"><\/noscript><\/sr7-bg>\n\t\t\t\t\t\t\t<sr7-txt id=\"SR7_1_1-1-3\" class=\"sr7-layer\">J'imagine et transforme vos int\u00e9rieurs pour cr\u00e9er<br \/>\ndes lieux uniques qui vous ressemblent<\/sr7-txt>\n\t\t\t\t\t\t\t<sr7-txt id=\"SR7_1_1-1-4\" class=\"sr7-layer\">D\u00e9coratrice d'int\u00e9rieur<\/sr7-txt>\n\t\t\t\t\t\t\t<a id=\"SR7_1_1-1-5\" class=\"sr7-layer\" href=\"https:\/\/www.celinevarin.com\/index.php\/mes-prestations\/\" target=\"_blank\" rel=\"noopener\">D\u00e9couvrir mes services<\/a>\n\t\t\t\t\t\t<\/sr7-slide>\n\t\t\t\t\t\t<sr7-slide id=\"SR7_1_1-2\" data-key=\"2\">\n\t\t\t\t\t\t\t<sr7-bg id=\"SR7_1_1-2-7\" class=\"sr7-layer\"><noscript><img decoding=\"async\" src=\"http:\/\/www.celinevarin.com\/wp-content\/uploads\/2026\/03\/Salle_a_Manger.jpg\" alt=\"\" title=\"Salle_a_Manger\"><\/noscript><\/sr7-bg>\n\t\t\t\t\t\t\t<sr7-txt id=\"SR7_1_1-2-3\" class=\"sr7-layer\">Optimisation des volumes et jeux de textures <br \/>\npour transformer chaque pi\u00e8ce en un havre de paix.<\/sr7-txt>\n\t\t\t\t\t\t\t<sr7-txt id=\"SR7_1_1-2-4\" class=\"sr7-layer\">Inspiration & \u00c9l\u00e9gance<\/sr7-txt>\n\t\t\t\t\t\t\t<a id=\"SR7_1_1-2-5\" class=\"sr7-layer\" href=\"https:\/\/www.celinevarin.com\/index.php\/mes-prestations\/\" target=\"_blank\" rel=\"noopener\">EN SAVOIR PLUS<\/a>\n\t\t\t\t\t\t<\/sr7-slide>\n\t\t\t\t\t\t<sr7-slide id=\"SR7_1_1-3\" data-key=\"3\">\n\t\t\t\t\t\t\t<sr7-bg id=\"SR7_1_1-3-8\" class=\"sr7-layer\"><noscript><img decoding=\"async\" src=\"http:\/\/www.celinevarin.com\/wp-content\/uploads\/2026\/03\/Chambre.jpg\" alt=\"\" title=\"Chambre\"><\/noscript><\/sr7-bg>\n\t\t\t\t\t\t\t<sr7-txt id=\"SR7_1_1-3-3\" class=\"sr7-layer\">Parce que votre int\u00e9rieur est le miroir de votre \u00e2me, <br \/>\nje cr\u00e9e des lieux o\u00f9 il fait bon vivre.<\/sr7-txt>\n\t\t\t\t\t\t\t<sr7-txt id=\"SR7_1_1-3-4\" class=\"sr7-layer\">\"S\u00e9r\u00e9nit\u00e9 & Bien-\u00eatre\"<\/sr7-txt>\n\t\t\t\t\t\t\t<a id=\"SR7_1_1-3-5\" class=\"sr7-layer\" href=\"https:\/\/www.celinevarin.com\/index.php\/mes-prestations\/\" target=\"_blank\" rel=\"noopener\">VOUS ACCOMPAGNER<\/a>\n\t\t\t\t\t\t<\/sr7-slide>\n\t\t\t\t\t\t<sr7-slide id=\"SR7_1_1-4\" data-key=\"4\">\n\t\t\t\t\t\t<\/sr7-slide>\n\t\t\t\t\t<\/sr7-content>\n\t\t\t\t\t<image_lists style=\"display:none\">\n\t\t\t\t\t\t<img data-src=\"\/\/www.celinevarin.com\/wp-content\/uploads\/2026\/03\/Salon_Accueil.jpg\" data-libid=\"9894\" data-lib=\"medialibrary\" title=\"Salon_Accueil\" width=\"0\" height=\"0\" data-dbsrc=\"Ly93d3cuY2VsaW5ldmFyaW4uY29tL3dwLWNvbnRlbnQvdXBsb2Fkcy8yMDI2LzAzL1NhbG9uX0FjY3VlaWwuanBn\"\/>\n\t\t\t\t\t\t<img data-src=\"\/\/www.celinevarin.com\/wp-content\/uploads\/2026\/03\/Salle_a_Manger.jpg\" data-libid=\"9896\" data-lib=\"medialibrary\" title=\"Salle_a_Manger\" width=\"0\" height=\"0\" data-dbsrc=\"Ly93d3cuY2VsaW5ldmFyaW4uY29tL3dwLWNvbnRlbnQvdXBsb2Fkcy8yMDI2LzAzL1NhbGxlX2FfTWFuZ2VyLmpwZw==\"\/>\n\t\t\t\t\t\t<img data-src=\"\/\/www.celinevarin.com\/wp-content\/uploads\/2026\/03\/Chambre.jpg\" data-libid=\"9897\" data-lib=\"medialibrary\" title=\"Chambre\" width=\"0\" height=\"0\" data-dbsrc=\"Ly93d3cuY2VsaW5ldmFyaW4uY29tL3dwLWNvbnRlbnQvdXBsb2Fkcy8yMDI2LzAzL0NoYW1icmUuanBn\"\/>\n\t\t\t\t\t<\/image_lists>\n\t\t\t\t<\/sr7-module>\n\t\t\t\t<script>\n\t\t\t\t\tSR7.PMH ??={}; SR7.PMH[\"SR7_1_1\"] = {cn:100,state:false,fn: function() { if (_tpt!==undefined && _tpt.prepareModuleHeight !== undefined) {  _tpt.prepareModuleHeight({id:\"SR7_1_1\",el:[800,800,700,600,500],type:'standard',shdw:'0',gh:[800,800,700,600,500],gw:[1360,1360,1024,778,480],vpt:['-100px&#039;,&#039;-100px&#039;,&#039;-100px&#039;,&#039;-100px&#039;,&#039;-100px'],size:{fullWidth:true, fullHeight:false},mh:'0',onh:0,onw:0,bg:{color:'{\"orig\":\"transparent\",\"type\":\"solid\",\"string\":\"transparent\"}'},plType:'7',plColor:'#FFFFFF'});   SR7.PMH[\"SR7_1_1\"].state=true;} else if(SR7.PMH[\"SR7_1_1\"].cn-->0)\tsetTimeout( SR7.PMH[\"SR7_1_1\"].fn,19);}};SR7.PMH[\"SR7_1_1\" ].fn();\n\t\t\t\t<\/script>\n[\/vc_column][\/vc_row][\/vc_section][vc_section css=\u00a0\u00bb.vc_custom_1773586903561{margin-top: 0px !important;padding-top: 0px !important;}\u00a0\u00bb][vc_row][vc_column][vc_column_text]<\/p>\n<h2 style=\"font-family: 'Great Vibes', cursive; color: rgba(192, 148, 61, 1); font-size: 50px; font-weight: 400; text-align: center; margin: 60px 0 20px 0; line-height: 1.2;\">Le coaching d\u00e9coration<\/h2>\n<p>[\/vc_column_text][vc_column_text]<\/p>\n<div style=\"max-width: 800px; margin: 0 auto; text-align: center; font-family: 'Playfair Display', serif; color: #444;\">\n<p style=\"font-size: 22px; color: #333; margin-bottom: 30px; letter-spacing: 1px;\">Un accompagnement structur\u00e9 pour concr\u00e9tiser votre projet<\/p>\n<div style=\"border: 1px solid rgba(192, 148, 61, 0.4); padding: 25px 40px; background-color: rgba(192, 148, 61, 0.03); display: inline-block; border-radius: 2px;\">\n<p style=\"margin: 0; font-size: 18px; font-style: italic; color: rgba(192, 148, 61, 1); line-height: 1.6;\">Une formule en 3 \u00e9tapes pour cr\u00e9er un projet d&rsquo;am\u00e9nagement unique, clair et inspir\u00e9. je vous guide \u00e0 travers chaque \u00e9tape pour concr\u00e9tiser votre pi\u00e8ce id\u00e9ale.<\/p>\n<\/div>\n<\/div>\n<p>[\/vc_column_text][\/vc_column][\/vc_row][vc_row css=\u00a0\u00bb.vc_custom_1774719028769{margin-top: 0px !important;padding-top: 0px !important;}\u00a0\u00bb][vc_column][vc_column_text]<\/p>\n<h2 style=\"font-family: 'Great Vibes', cursive; color: rgba(192, 148, 61, 1); font-size: 40px; font-weight: 400; text-align: center; margin: 60px 0 20px 0; line-height: 1.2;\">Etape 1 &#8211; Rendez-vous \u00e0 domicile (2h)<\/h2>\n<p>[\/vc_column_text][vc_column_text]<\/p>\n<div style=\"max-width: 800px; margin: 60px auto; font-family: 'Montserrat', sans-serif; color: #333; line-height: 1.8; padding: 0 20px;\">\n<div style=\"position: relative; padding-left: 30px;\">\n<div style=\"position: absolute; left: 0; top: 10px; bottom: 10px; width: 2px; background-color: #c0943d; opacity: 0.6;\"><\/div>\n<p style=\"margin: 0; font-size: 17px; font-weight: 300; text-align: left; letter-spacing: 0.2px;\"><span style=\"float: left; font-family: 'Playfair Display', serif; font-size: 55px; line-height: 45px; padding-top: 4px; padding-right: 12px; padding-left: 3px; color: #c0943d;\">C<\/span>e rendez-vous de <strong style=\"font-weight: 500; color: #1a1a1a;\">2h \u00e0 domicile<\/strong> constitue une \u00e9tape d&rsquo;analyse approfondie pour comprendre votre mode de vie et le potentiel de votre int\u00e9rieur.<\/p>\n<p style=\"margin-top: 15px; font-size: 17px; font-weight: 300; text-align: left;\">En \u00e9tudiant l\u2019agencement existant et la circulation, je pose les bases d\u2019une <span style=\"font-family: 'Playfair Display', serif; font-style: italic; color: #c0943d; font-size: 19px;\">r\u00e9flexion globale sur votre espace<\/span>.<\/p>\n<p style=\"margin-top: 25px; font-size: 17px; font-weight: 300; border-top: 1px solid rgba(0,0,0,0.08); padding-top: 15px; font-style: italic; color: #555; text-align: center; max-width: 700px; margin-left: auto; margin-right: auto;\">Cette immersion est la cl\u00e9 pour concevoir un projet <span style=\"color: #c0943d; font-style: normal; font-weight: 400; text-transform: uppercase; font-size: 14px; letter-spacing: 2px;\">harmonieux et structur\u00e9<\/span>.<\/p>\n<\/div>\n<\/div>\n<p>[\/vc_column_text][\/vc_column][\/vc_row][vc_row css=\u00a0\u00bb.vc_custom_1774719310039{margin-top: 0px !important;padding-top: 0px !important;}\u00a0\u00bb][vc_column width=\u00a0\u00bb1\/5&Prime;][\/vc_column][vc_column width=\u00a0\u00bb1\/3&Prime;][vc_column_text]<\/p>\n<div style=\"max-width: 600px; margin: 40px auto; font-family: 'Montserrat', sans-serif; color: #333;\">\n<div style=\"position: relative; padding-left: 40px;\">\n<div style=\"position: absolute; left: 7px; top: 10px; bottom: -40px; width: 1px; background-color: #c0943d; opacity: 0.4;\"><\/div>\n<div class=\"step-row\" style=\"position: relative; margin-bottom: 30px; transition: all 0.3s ease;\">\n<div style=\"position: absolute; left: -40px; top: 6px; width: 15px; height: 15px; border-radius: 50%; background-color: #fff; border: 2px solid #c0943d; z-index: 2;\"><\/div>\n<p style=\"font-size: 18px; line-height: 1.5; margin: 0; font-weight: 300;\">\u00c9changes <span style=\"color: #c0943d; font-weight: 400;\">approfondis<\/span><\/p>\n<\/div>\n<div class=\"step-row\" style=\"position: relative; margin-bottom: 30px; transition: all 0.3s ease;\">\n<div style=\"position: absolute; left: -40px; top: 6px; width: 15px; height: 15px; border-radius: 50%; background-color: #fff; border: 2px solid #c0943d; z-index: 2;\"><\/div>\n<p style=\"font-size: 18px; line-height: 1.5; margin: 0; font-weight: 300;\">Prise de <span style=\"color: #c0943d; font-weight: 400;\">mesures<\/span><\/p>\n<\/div>\n<div class=\"step-row\" style=\"position: relative; transition: all 0.3s ease;\">\n<div style=\"position: absolute; left: -40px; top: 6px; width: 15px; height: 15px; border-radius: 50%; background-color: #fff; border: 2px solid #c0943d; z-index: 2;\"><\/div>\n<p style=\"font-size: 18px; line-height: 1.5; margin: 0; font-weight: 300;\">Analyse de <span style=\"color: #c0943d; font-weight: 400;\">l\u2019espace<\/span><\/p>\n<\/div>\n<\/div>\n<\/div>\n<style>\n    .step-row:hover {<br \/>        transform: translateX(8px);<br \/>    }<br \/>    .step-row:hover p {<br \/>        color: #000;<br \/>    }<br \/><\/style>\n<p>[\/vc_column_text][\/vc_column][vc_column width=\u00a0\u00bb1\/3&Prime;]<div  class=\"wpb_content_element   clearfix\"><style type=\"text\/css\">#ut_am_69f2781c525b5 { opacity: 1; }#ut_am_wrap_69f2781c525b6 .ut-image-gallery-item-caption-title h3 { letter-spacing: 0em; }#ut_am_wrap_69f2781c525b6 .ut-gallery-slider-caption { font-weight: bold; }#ut_am_wrap_69f2781c525b6 { text-align: left; }@media (min-width: 768px) and (max-width: 1024px) { #ut_am_wrap_69f2781c525b6 { text-align: left !important; } }@media (max-width: 767px) { #ut_am_wrap_69f2781c525b6 { text-align: center !important; } }<\/style><div id=\"ut_am_wrap_69f2781c525b6\" class=\"ut-image-gallery-image \"><div id=\"ut_reveal_69f2781c525b7\"  data-appear-top-offset=\"auto\" class=\"ut-animated-image-item ut-image-gallery-item ut-animation-done \"><a class=\"ut-deactivated-link\" href=\"#\"><div class=\"ut-animated-image-zoom\"><img loading=\"lazy\" decoding=\"async\" class=\"ut-lazy skip-lazy ut-animated-image \"  id=\"ut_am_69f2781c525b5\" src=\"data:image\/svg+xml;charset=utf-8,%3Csvg xmlns%3D'http%3A%2F%2Fwww.w3.org%2F2000%2Fsvg' viewBox%3D'0 0 1300 867'%2F%3E\" data-src=\"https:\/\/www.celinevarin.com\/wp-content\/uploads\/2026\/03\/Salle_a_mange_dessin-1300x867.jpg\" width=\"1300\" height=\"867\" alt=\"\"\/><\/div><\/a><\/div><\/div><\/div>[\/vc_column][\/vc_row][vc_row css=\u00a0\u00bb.vc_custom_1774719261102{margin-top: 0px !important;padding-top: 0px !important;}\u00a0\u00bb][vc_column][vc_column_text]<\/p>\n<h2 style=\"font-family: 'Great Vibes', cursive; color: rgba(192, 148, 61, 1); font-size: 40px; font-weight: 400; text-align: center; margin: 60px 0 20px 0; line-height: 1.2;\">Etape 2 &#8211; Cr\u00e9ation du concept<\/h2>\n<p>[\/vc_column_text][vc_column_text]<\/p>\n<div style=\"max-width: 1000px; margin: 20px auto 50px auto; font-family: 'Montserrat', sans-serif; color: #444; text-align: center; padding: 0 20px;\">\n<div style=\"width: 50px; height: 1px; background-color: #c0943d; margin: 0 auto 25px auto; opacity: 0.6;\"><\/div>\n<p style=\"font-size: 18px; line-height: 1.8; font-weight: 300; margin: 0 auto; max-width: 850px; letter-spacing: 0.3px;\">La cr\u00e9ation du concept permet de traduire vos envies en une <span style=\"font-family: 'Playfair Display', serif; font-style: italic; font-size: 20px; color: #c0943d;\">vision claire et coh\u00e9rente<\/span> pour votre int\u00e9rieur.<\/p>\n<p style=\"font-size: 17px; line-height: 1.8; font-weight: 300; margin-top: 15px; color: #666;\">\u00c0 travers une s\u00e9lection de couleurs, mati\u00e8res, mobilier et ambiances, je construis une <span style=\"color: #c0943d; font-weight: 400;\">direction esth\u00e9tique<\/span> adapt\u00e9e \u00e0 votre espace. Cette \u00e9tape donne les bases du projet et guide toutes les d\u00e9cisions d\u2019am\u00e9nagement et de d\u00e9coration.<\/p>\n<\/div>\n<p>[\/vc_column_text][\/vc_column][\/vc_row][vc_row css=\u00a0\u00bb.vc_custom_1774719268218{margin-top: 0px !important;padding-top: 0px !important;}\u00a0\u00bb][vc_column width=\u00a0\u00bb1\/5&Prime;][\/vc_column][vc_column width=\u00a0\u00bb1\/3&Prime;]<div  class=\"wpb_content_element   clearfix\"><style type=\"text\/css\">#ut_am_69f2781c528ae { opacity: 1; }#ut_am_wrap_69f2781c528af .ut-image-gallery-item-caption-title h3 { letter-spacing: 0em; }#ut_am_wrap_69f2781c528af .ut-gallery-slider-caption { font-weight: bold; }#ut_am_wrap_69f2781c528af { text-align: left; }@media (min-width: 768px) and (max-width: 1024px) { #ut_am_wrap_69f2781c528af { text-align: left !important; } }@media (max-width: 767px) { #ut_am_wrap_69f2781c528af { text-align: center !important; } }<\/style><div id=\"ut_am_wrap_69f2781c528af\" class=\"ut-image-gallery-image \"><div id=\"ut_reveal_69f2781c528b0\"  data-appear-top-offset=\"auto\" class=\"ut-animated-image-item ut-image-gallery-item ut-animation-done \"><a class=\"ut-deactivated-link\" href=\"#\"><div class=\"ut-animated-image-zoom\"><img loading=\"lazy\" decoding=\"async\" class=\"ut-lazy skip-lazy ut-animated-image \"  id=\"ut_am_69f2781c528ae\" src=\"data:image\/svg+xml;charset=utf-8,%3Csvg xmlns%3D'http%3A%2F%2Fwww.w3.org%2F2000%2Fsvg' viewBox%3D'0 0 1300 867'%2F%3E\" data-src=\"https:\/\/www.celinevarin.com\/wp-content\/uploads\/2026\/03\/top-view-interior-design-kitchen-draft-desktop-1300x867.jpg\" width=\"1300\" height=\"867\" alt=\"Top view of interior design kitchen draft desktop\"\/><\/div><\/a><\/div><\/div><\/div>[\/vc_column][vc_column width=\u00a0\u00bb1\/3&Prime;][vc_column_text]<\/p>\n<div style=\"max-width: 600px; margin: 40px auto; font-family: 'Montserrat', sans-serif; color: #333;\">\n<div style=\"position: relative; padding-left: 40px;\">\n<div style=\"position: absolute; left: 7px; top: 10px; bottom: -40px; width: 1px; background-color: #c0943d; opacity: 0.4;\"><\/div>\n<div class=\"step-row\" style=\"position: relative; margin-bottom: 30px; transition: all 0.3s ease;\">\n<div style=\"position: absolute; left: -40px; top: 6px; width: 15px; height: 15px; border-radius: 50%; background-color: #fff; border: 2px solid #c0943d; z-index: 2;\"><\/div>\n<p style=\"font-size: 18px; line-height: 1.5; margin: 0; font-weight: 300;\">Une <span style=\"color: #c0943d; font-weight: 400;\">planche d&rsquo;inspiration<\/span><\/p>\n<\/div>\n<div class=\"step-row\" style=\"position: relative; margin-bottom: 30px; transition: all 0.3s ease;\">\n<div style=\"position: absolute; left: -40px; top: 6px; width: 15px; height: 15px; border-radius: 50%; background-color: #fff; border: 2px solid #c0943d; z-index: 2;\"><\/div>\n<p style=\"font-size: 18px; line-height: 1.5; margin: 0; font-weight: 300;\">Une <span style=\"color: #c0943d; font-weight: 400;\">planche d&rsquo;ambiance<\/span><\/p>\n<\/div>\n<div class=\"step-row\" style=\"position: relative; transition: all 0.3s ease;\">\n<div style=\"position: absolute; left: -40px; top: 6px; width: 15px; height: 15px; border-radius: 50%; background-color: #fff; border: 2px solid #c0943d; z-index: 2;\"><\/div>\n<p style=\"font-size: 18px; line-height: 1.5; margin: 0; font-weight: 300;\">Un <span style=\"color: #c0943d; font-weight: 400;\">croquis 3D<\/span><\/p>\n<\/div>\n<\/div>\n<\/div>\n<style>\n    .step-row:hover {<br \/>        transform: translateX(8px);<br \/>    }<br \/>    .step-row:hover p {<br \/>        color: #000;<br \/>    }<br \/><\/style>\n<p>[\/vc_column_text][\/vc_column][\/vc_row][vc_row css=\u00a0\u00bb.vc_custom_1774719028769{margin-top: 0px !important;padding-top: 0px !important;}\u00a0\u00bb][vc_column][vc_column_text]<\/p>\n<h2 style=\"font-family: 'Great Vibes', cursive; color: rgba(192, 148, 61, 1); font-size: 40px; font-weight: 400; text-align: center; margin: 60px 0 20px 0; line-height: 1.2;\">Etape 3 &#8211; Dossier final apr\u00e8s validation<\/h2>\n<p>[\/vc_column_text][vc_column_text]<\/p>\n<div style=\"max-width: 1000px; margin: 20px auto 50px auto; font-family: 'Montserrat', sans-serif; color: #444; text-align: center; padding: 0 20px;\">\n<div style=\"width: 50px; height: 1px; background-color: #c0943d; margin: 0 auto 25px auto; opacity: 0.6;\"><\/div>\n<p style=\"font-size: 18px; line-height: 1.8; font-weight: 300; margin: 0 auto; max-width: 850px; letter-spacing: 0.3px;\">Le dossier final regroupe l\u2019ensemble des \u00e9l\u00e9ments n\u00e9cessaires \u00e0 la <span style=\"font-family: 'Playfair Display', serif; font-style: italic; font-size: 20px; color: #c0943d;\">r\u00e9alisation concr\u00e8te<\/span> de votre projet.<\/p>\n<p style=\"font-size: 17px; line-height: 1.8; font-weight: 300; margin-top: 15px; color: #666;\">Il vous permet de visualiser l\u2019am\u00e9nagement, les choix d\u00e9coratifs et les r\u00e9f\u00e9rences s\u00e9lectionn\u00e9es. Ce support clair et structur\u00e9 vous guide pour mettre en \u0153uvre votre int\u00e9rieur en <span style=\"color: #c0943d; font-weight: 400;\">toute s\u00e9r\u00e9nit\u00e9<\/span>.<\/p>\n<\/div>\n<p>[\/vc_column_text][\/vc_column][\/vc_row][vc_row css=\u00a0\u00bb.vc_custom_1774719310039{margin-top: 0px !important;padding-top: 0px !important;}\u00a0\u00bb][vc_column width=\u00a0\u00bb1\/5&Prime;][\/vc_column][vc_column width=\u00a0\u00bb1\/3&Prime;][vc_column_text]<\/p>\n<div style=\"max-width: 600px; margin: 40px auto; font-family: 'Montserrat', sans-serif; color: #333;\">\n<div style=\"position: relative; padding-left: 40px;\">\n<div style=\"position: absolute; left: 7px; top: -40px; height: calc(100% - 15px); width: 1px; background-color: #c0943d; opacity: 0.4;\"><\/div>\n<div class=\"step-row\" style=\"position: relative; margin-bottom: 30px; transition: all 0.3s ease;\">\n<div style=\"position: absolute; left: -40px; top: 6px; width: 15px; height: 15px; border-radius: 50%; background-color: #fff; border: 2px solid #c0943d; z-index: 2;\"><\/div>\n<p style=\"font-size: 18px; line-height: 1.5; margin: 0; font-weight: 300;\">Le <span style=\"color: #c0943d; font-weight: 400;\">compte rendu<\/span><\/p>\n<\/div>\n<div class=\"step-row\" style=\"position: relative; margin-bottom: 30px; transition: all 0.3s ease;\">\n<div style=\"position: absolute; left: -40px; top: 6px; width: 15px; height: 15px; border-radius: 50%; background-color: #fff; border: 2px solid #c0943d; z-index: 2;\"><\/div>\n<p style=\"font-size: 18px; line-height: 1.5; margin: 0; font-weight: 300;\">Les <span style=\"color: #c0943d; font-weight: 400;\">r\u00e9alisations 3D<\/span> (plans, croquis)<\/p>\n<\/div>\n<div class=\"step-row\" style=\"position: relative; transition: all 0.3s ease;\">\n<div style=\"position: absolute; left: -40px; top: 6px; width: 15px; height: 15px; border-radius: 50%; background-color: #c0943d; border: 2px solid #c0943d; z-index: 2;\"><\/div>\n<p style=\"font-size: 18px; line-height: 1.5; margin: 0; font-weight: 300;\">La <span style=\"color: #c0943d; font-weight: 400;\">liste d&rsquo;achat<\/span> d\u00e9taill\u00e9e<\/p>\n<\/div>\n<\/div>\n<\/div>\n<style>\n    .step-row:hover {<br \/>        transform: translateX(8px);<br \/>    }<br \/>    .step-row:hover p {<br \/>        color: #000;<br \/>    }<br \/><\/style>\n<p>[\/vc_column_text][\/vc_column][vc_column width=\u00a0\u00bb1\/3&Prime;]<div  class=\"wpb_content_element   clearfix\"><style type=\"text\/css\">#ut_am_69f2781c52b74 { opacity: 1; }#ut_am_wrap_69f2781c52b75 .ut-image-gallery-item-caption-title h3 { letter-spacing: 0em; }#ut_am_wrap_69f2781c52b75 .ut-gallery-slider-caption { font-weight: bold; }#ut_am_wrap_69f2781c52b75 { text-align: left; }@media (min-width: 768px) and (max-width: 1024px) { #ut_am_wrap_69f2781c52b75 { text-align: left !important; } }@media (max-width: 767px) { #ut_am_wrap_69f2781c52b75 { text-align: center !important; } }<\/style><div id=\"ut_am_wrap_69f2781c52b75\" class=\"ut-image-gallery-image \"><div id=\"ut_reveal_69f2781c52b76\"  data-appear-top-offset=\"auto\" class=\"ut-animated-image-item ut-image-gallery-item ut-animation-done \"><a class=\"ut-deactivated-link\" href=\"#\"><div class=\"ut-animated-image-zoom\"><img loading=\"lazy\" decoding=\"async\" class=\"ut-lazy skip-lazy ut-animated-image \"  id=\"ut_am_69f2781c52b74\" src=\"data:image\/svg+xml;charset=utf-8,%3Csvg xmlns%3D'http%3A%2F%2Fwww.w3.org%2F2000%2Fsvg' viewBox%3D'0 0 1300 867'%2F%3E\" data-src=\"https:\/\/www.celinevarin.com\/wp-content\/uploads\/2026\/03\/minimalist-living-room-interior-design-1300x867.jpg\" width=\"1300\" height=\"867\" alt=\"\"\/><\/div><\/a><\/div><\/div><\/div>[\/vc_column][\/vc_row][vc_row full_width=\u00a0\u00bb\u00a0\u00bb css=\u00a0\u00bb.vc_custom_1774719570646{margin-top: 0px !important;padding-top: 0px !important;}\u00a0\u00bb][vc_column][vc_column_text]<\/p>\n<div style=\"max-width: 800px; margin: 40px auto; text-align: center; font-family: 'Playfair Display', serif; color: #444;\">\n<p style=\"font-size: 22px; color: #333; margin-bottom: 10px; letter-spacing: 1px;\">Prix : <span style=\"color: rgba(192, 148, 61, 1); font-weight: 600;\">sur devis<\/span><\/p>\n<p style=\"font-size: 15px; color: #888; font-style: italic; margin-bottom: 30px;\">Possibilit\u00e9s de frais de d\u00e9placement selon le lieu<\/p>\n<\/div>\n<p>[\/vc_column_text][vc_column_text]<\/p>\n<div style=\"width: 100%; margin: 40px 0; font-family: 'Playfair Display', serif; text-align: center;\">\n<p style=\"font-size: 24px; color: #333 !important; margin: 0 0 15px 0;\">Pr\u00eat \u00e0 transformer votre int\u00e9rieur ?<\/p>\n<p style=\"font-size: 19px; font-style: italic; color: rgba(192, 148, 61, 1); line-height: 1.6; max-width: 600px; margin: 0 auto;\">Contactez-moi pour planifier votre rendez-vous.<\/p>\n<p><a style=\"display: inline-block !important; background-color: #c0943d !important; color: #ffffff !important; text-decoration: none !important; font-family: sans-serif !important; font-size: 14px !important; font-weight: bold !important; text-transform: uppercase !important; letter-spacing: 1px !important; border-radius: 2px !important; padding-bottom: 10px !important; padding-left: 30px !important; padding-right: 30px !important; line-height: 1 !important; height: auto !important; vertical-align: middle !important;\" href=\"https:\/\/www.celinevarin.com\/index.php\/contact-alternate\/\"><br \/>\nDemander un devis gratuit<br \/>\n<\/a><\/div>\n<p>[\/vc_column_text][\/vc_column][\/vc_row][\/vc_section]<\/p>\n<\/div>","protected":false},"excerpt":{"rendered":"<p>[vc_section css=\u00a0\u00bb.vc_custom_1773586873663{margin-top: 0px !important;padding-top: 0px !important;}\u00a0\u00bb][vc_row css=\u00a0\u00bb.vc_custom_1773586841733{margin-top: 0px !important;padding-top: 0px !important;}\u00a0\u00bb][vc_column][\/vc_column][\/vc_row][\/vc_section][vc_section css=\u00a0\u00bb.vc_custom_1773586903561{margin-top: 0px !important;padding-top: 0px !important;}\u00a0\u00bb][vc_row][vc_column][vc_column_text] Le coaching d\u00e9coration [\/vc_column_text][vc_column_text] Un accompagnement structur\u00e9 pour concr\u00e9tiser votre projet Une formule en 3 \u00e9tapes pour cr\u00e9er un projet d&rsquo;am\u00e9nagement unique, clair et inspir\u00e9. je vous guide \u00e0 travers chaque \u00e9tape pour concr\u00e9tiser votre pi\u00e8ce id\u00e9ale. [\/vc_column_text][\/vc_column][\/vc_row][vc_row css=\u00a0\u00bb.vc_custom_1774719028769{margin-top: [&hellip;]<\/p>\n","protected":false},"author":1,"featured_media":0,"parent":0,"menu_order":0,"comment_status":"closed","ping_status":"closed","template":"","meta":{"footnotes":""},"class_list":["post-10021","page","type-page","status-publish","hentry"],"_links":{"self":[{"href":"https:\/\/www.celinevarin.com\/index.php\/wp-json\/wp\/v2\/pages\/10021","targetHints":{"allow":["GET"]}}],"collection":[{"href":"https:\/\/www.celinevarin.com\/index.php\/wp-json\/wp\/v2\/pages"}],"about":[{"href":"https:\/\/www.celinevarin.com\/index.php\/wp-json\/wp\/v2\/types\/page"}],"author":[{"embeddable":true,"href":"https:\/\/www.celinevarin.com\/index.php\/wp-json\/wp\/v2\/users\/1"}],"replies":[{"embeddable":true,"href":"https:\/\/www.celinevarin.com\/index.php\/wp-json\/wp\/v2\/comments?post=10021"}],"version-history":[{"count":26,"href":"https:\/\/www.celinevarin.com\/index.php\/wp-json\/wp\/v2\/pages\/10021\/revisions"}],"predecessor-version":[{"id":10232,"href":"https:\/\/www.celinevarin.com\/index.php\/wp-json\/wp\/v2\/pages\/10021\/revisions\/10232"}],"wp:attachment":[{"href":"https:\/\/www.celinevarin.com\/index.php\/wp-json\/wp\/v2\/media?parent=10021"}],"curies":[{"name":"wp","href":"https:\/\/api.w.org\/{rel}","templated":true}]}}