{"id":9941,"date":"2026-03-08T12:39:17","date_gmt":"2026-03-08T12:39:17","guid":{"rendered":"https:\/\/www.celinevarin.com\/?page_id=9941"},"modified":"2026-04-16T14:24:36","modified_gmt":"2026-04-16T14:24:36","slug":"mes-prestations","status":"publish","type":"page","link":"https:\/\/www.celinevarin.com\/index.php\/mes-prestations\/","title":{"rendered":"Mes Prestations"},"content":{"rendered":"<div class=\"wpb-content-wrapper\"><p>[vc_section css=\u00a0\u00bb.vc_custom_1772973463643{margin-top: 0px !important;padding-top: 0px !important;}\u00a0\u00bb][vc_row][vc_column]\n\t\t\t\t<p class=\"rs-p-wp-fix\"><\/p>\n\t\t\t\t<sr7-module data-alias=\"Brooklyn-49\" data-id=\"1\" id=\"SR7_1_1\" class=\"rs-ov-hidden\" data-version=\"6.7.37\">\n\t\t\t\t\t<sr7-adjuster><\/sr7-adjuster>\n\t\t\t\t\t<sr7-content>\n\t\t\t\t\t\t<sr7-slide id=\"SR7_1_1-1\" data-key=\"1\">\n\t\t\t\t\t\t\t<sr7-bg id=\"SR7_1_1-1-6\" class=\"sr7-layer\"><noscript><img decoding=\"async\" src=\"http:\/\/www.celinevarin.com\/wp-content\/uploads\/2026\/03\/Salon_Accueil.jpg\" alt=\"\" title=\"Salon_Accueil\"><\/noscript><\/sr7-bg>\n\t\t\t\t\t\t\t<sr7-txt id=\"SR7_1_1-1-3\" class=\"sr7-layer\">J'imagine et transforme vos int\u00e9rieurs pour cr\u00e9er<br \/>\ndes lieux uniques qui vous ressemblent<\/sr7-txt>\n\t\t\t\t\t\t\t<sr7-txt id=\"SR7_1_1-1-4\" class=\"sr7-layer\">D\u00e9coratrice d'int\u00e9rieur<\/sr7-txt>\n\t\t\t\t\t\t\t<a id=\"SR7_1_1-1-5\" class=\"sr7-layer\" href=\"https:\/\/www.celinevarin.com\/index.php\/mes-prestations\/\" target=\"_blank\" rel=\"noopener\">D\u00e9couvrir mes services<\/a>\n\t\t\t\t\t\t<\/sr7-slide>\n\t\t\t\t\t\t<sr7-slide id=\"SR7_1_1-2\" data-key=\"2\">\n\t\t\t\t\t\t\t<sr7-bg id=\"SR7_1_1-2-7\" class=\"sr7-layer\"><noscript><img decoding=\"async\" src=\"http:\/\/www.celinevarin.com\/wp-content\/uploads\/2026\/03\/Salle_a_Manger.jpg\" alt=\"\" title=\"Salle_a_Manger\"><\/noscript><\/sr7-bg>\n\t\t\t\t\t\t\t<sr7-txt id=\"SR7_1_1-2-3\" class=\"sr7-layer\">Optimisation des volumes et jeux de textures <br \/>\npour transformer chaque pi\u00e8ce en un havre de paix.<\/sr7-txt>\n\t\t\t\t\t\t\t<sr7-txt id=\"SR7_1_1-2-4\" class=\"sr7-layer\">Inspiration & \u00c9l\u00e9gance<\/sr7-txt>\n\t\t\t\t\t\t\t<a id=\"SR7_1_1-2-5\" class=\"sr7-layer\" href=\"https:\/\/www.celinevarin.com\/index.php\/mes-prestations\/\" target=\"_blank\" rel=\"noopener\">EN SAVOIR PLUS<\/a>\n\t\t\t\t\t\t<\/sr7-slide>\n\t\t\t\t\t\t<sr7-slide id=\"SR7_1_1-3\" data-key=\"3\">\n\t\t\t\t\t\t\t<sr7-bg id=\"SR7_1_1-3-8\" class=\"sr7-layer\"><noscript><img decoding=\"async\" src=\"http:\/\/www.celinevarin.com\/wp-content\/uploads\/2026\/03\/Chambre.jpg\" alt=\"\" title=\"Chambre\"><\/noscript><\/sr7-bg>\n\t\t\t\t\t\t\t<sr7-txt id=\"SR7_1_1-3-3\" class=\"sr7-layer\">Parce que votre int\u00e9rieur est le miroir de votre \u00e2me, <br \/>\nje cr\u00e9e des lieux o\u00f9 il fait bon vivre.<\/sr7-txt>\n\t\t\t\t\t\t\t<sr7-txt id=\"SR7_1_1-3-4\" class=\"sr7-layer\">\"S\u00e9r\u00e9nit\u00e9 & Bien-\u00eatre\"<\/sr7-txt>\n\t\t\t\t\t\t\t<a id=\"SR7_1_1-3-5\" class=\"sr7-layer\" href=\"https:\/\/www.celinevarin.com\/index.php\/mes-prestations\/\" target=\"_blank\" rel=\"noopener\">VOUS ACCOMPAGNER<\/a>\n\t\t\t\t\t\t<\/sr7-slide>\n\t\t\t\t\t\t<sr7-slide id=\"SR7_1_1-4\" data-key=\"4\">\n\t\t\t\t\t\t<\/sr7-slide>\n\t\t\t\t\t<\/sr7-content>\n\t\t\t\t\t<image_lists style=\"display:none\">\n\t\t\t\t\t\t<img data-src=\"\/\/www.celinevarin.com\/wp-content\/uploads\/2026\/03\/Salon_Accueil.jpg\" data-libid=\"9894\" data-lib=\"medialibrary\" title=\"Salon_Accueil\" width=\"0\" height=\"0\" data-dbsrc=\"Ly93d3cuY2VsaW5ldmFyaW4uY29tL3dwLWNvbnRlbnQvdXBsb2Fkcy8yMDI2LzAzL1NhbG9uX0FjY3VlaWwuanBn\"\/>\n\t\t\t\t\t\t<img data-src=\"\/\/www.celinevarin.com\/wp-content\/uploads\/2026\/03\/Salle_a_Manger.jpg\" data-libid=\"9896\" data-lib=\"medialibrary\" title=\"Salle_a_Manger\" width=\"0\" height=\"0\" data-dbsrc=\"Ly93d3cuY2VsaW5ldmFyaW4uY29tL3dwLWNvbnRlbnQvdXBsb2Fkcy8yMDI2LzAzL1NhbGxlX2FfTWFuZ2VyLmpwZw==\"\/>\n\t\t\t\t\t\t<img data-src=\"\/\/www.celinevarin.com\/wp-content\/uploads\/2026\/03\/Chambre.jpg\" data-libid=\"9897\" data-lib=\"medialibrary\" title=\"Chambre\" width=\"0\" height=\"0\" data-dbsrc=\"Ly93d3cuY2VsaW5ldmFyaW4uY29tL3dwLWNvbnRlbnQvdXBsb2Fkcy8yMDI2LzAzL0NoYW1icmUuanBn\"\/>\n\t\t\t\t\t<\/image_lists>\n\t\t\t\t<\/sr7-module>\n\t\t\t\t<script>\n\t\t\t\t\tSR7.PMH ??={}; SR7.PMH[\"SR7_1_1\"] = {cn:100,state:false,fn: function() { if (_tpt!==undefined && _tpt.prepareModuleHeight !== undefined) {  _tpt.prepareModuleHeight({id:\"SR7_1_1\",el:[800,800,700,600,500],type:'standard',shdw:'0',gh:[800,800,700,600,500],gw:[1360,1360,1024,778,480],vpt:['-100px&#039;,&#039;-100px&#039;,&#039;-100px&#039;,&#039;-100px&#039;,&#039;-100px'],size:{fullWidth:true, fullHeight:false},mh:'0',onh:0,onw:0,bg:{color:'{\"orig\":\"transparent\",\"type\":\"solid\",\"string\":\"transparent\"}'},plType:'7',plColor:'#FFFFFF'});   SR7.PMH[\"SR7_1_1\"].state=true;} else if(SR7.PMH[\"SR7_1_1\"].cn-->0)\tsetTimeout( SR7.PMH[\"SR7_1_1\"].fn,19);}};SR7.PMH[\"SR7_1_1\" ].fn();\n\t\t\t\t<\/script>\n[\/vc_column][\/vc_row][\/vc_section][vc_section css=\u00a0\u00bb.vc_custom_1772973540258{margin-top: 0px !important;padding-top: 0px !important;}\u00a0\u00bb][vc_row][vc_column]<div class=\"wpb_content_element  vc_custom_1774178593540\"><style type=\"text\/css\">#ut_header_69f277eade6ee h1.section-title, #ut_header_69f277eade6ee h1.section-title span { color:#bea68a; }#ut_header_69f277eade6ee h1.section-title { font-size:90px !important;line-height:100px !important;letter-spacing:-0.03em; }<\/style><header id=\"ut_header_69f277eade6ee\" class=\"section-header  ut-no-title-linebreak-mobile ut-no-lead-linebreak-mobile pt-style-7 header-left header-tablet-left header-mobile-center element-with-custom-line-height\"><div class=\"element-with-custom-line-height\" ><h1 data-title=\"Mes Prestations\"  data-responsive-font=\"section_title\" data-responsive-font-settings=\"{&quot;base-font-size&quot;:&quot;90&quot;,&quot;font-size-unit&quot;:&quot;px&quot;,&quot;font-size&quot;:{&quot;desktop_large&quot;:&quot;90&quot;},&quot;base-line-height&quot;:&quot;100&quot;,&quot;line-height-unit&quot;:&quot;px&quot;,&quot;line-height&quot;:{&quot;desktop_large&quot;:&quot;100&quot;},&quot;base-letter-spacing&quot;:&quot;global&quot;,&quot;letter-spacing&quot;:{&quot;desktop_large&quot;:&quot;-0.03&quot;}}\" class=\"section-title  \"><span>Mes Prestations<\/span><\/h1><\/div><div data-delay=\"0\" class=\"lead \"><p>Cr\u00e9er un int\u00e9rieur harmonieux, chaleureux et \u00e0 votre image.<br \/>\nJe vous accompagne selon vos besoins, de la simple s\u00e9ance conseils \u00e0 la transformation compl\u00e8te de votre int\u00e9rieur.<\/p>\n<\/div><\/header><\/div>[\/vc_column][\/vc_row][\/vc_section][vc_section css=\u00a0\u00bb.vc_custom_1616000333063{padding-top: 40px !important;}\u00a0\u00bb][vc_row delay=\u00a0\u00bbtrue\u00a0\u00bb el_name=\u00a0\u00bbShowcase has margin bottom 0&Prime; effect=\u00a0\u00bbfadeIn\u00a0\u00bb][vc_column width=\u00a0\u00bb1\/2&Prime;]<div  class=\"wpb_content_element   clearfix\"><style type=\"text\/css\">#ut_am_69f277eae181d { opacity: 1; }#ut_am_wrap_69f277eae181e .ut-image-gallery-item-caption-title h3 { letter-spacing: 0em; }#ut_am_wrap_69f277eae181e .ut-gallery-slider-caption { font-weight: bold; }#ut_am_wrap_69f277eae181e { text-align: left; }@media (min-width: 768px) and (max-width: 1024px) { #ut_am_wrap_69f277eae181e { text-align: left !important; } }@media (max-width: 767px) { #ut_am_wrap_69f277eae181e { text-align: center !important; } }<\/style><div id=\"ut_am_wrap_69f277eae181e\" class=\"ut-image-gallery-image \"><div id=\"ut_reveal_69f277eae181f\"  data-appear-top-offset=\"auto\" class=\"ut-animated-image-item ut-image-gallery-item ut-animation-done \"><a target=\"_self\" href=\"http:\/\/www.celinevarin.com\/index.php\/conseils-decoration\/\" ><div class=\"ut-animated-image-zoom\"><img loading=\"lazy\" decoding=\"async\" class=\"ut-lazy skip-lazy ut-animated-image \"  id=\"ut_am_69f277eae181d\" src=\"data:image\/svg+xml;charset=utf-8,%3Csvg xmlns%3D'http%3A%2F%2Fwww.w3.org%2F2000%2Fsvg' viewBox%3D'0 0 650 433'%2F%3E\" data-src=\"https:\/\/www.celinevarin.com\/wp-content\/uploads\/2026\/03\/middle-aged-woman-meeting-with-notary-650x433.jpg\" width=\"650\" height=\"433\" alt=\"Middle aged woman meeting with notary or legal expert. Two women sitting on couch and reading documents. Paperwork concept\"\/><\/div><\/a><\/div><\/div><\/div>[vc_empty_space height=\u00a0\u00bb50px\u00a0\u00bb][vc_column_text]<\/p>\n<div style=\"text-align: center; margin: 40px 0 20px 0;\">\n<h2 style=\"font-family: 'Great Vibes', cursive; color: rgba(192, 148, 61, 1); font-size: 55px; font-weight: 400; margin: 0; line-height: 1.2; text-shadow: 1px 1px 0px rgba(255,255,255,0.5);\"><a style=\"text-decoration: none !important; color: inherit !important; border: none !important; outline: none !important;\" href=\"https:\/\/www.celinevarin.com\/index.php\/le-coaching-decoration\/\"><br \/>\nLe Coaching d\u00e9coration<br \/>\n<\/a><\/h2>\n<p>&nbsp;<\/p>\n<\/div>\n<p>[\/vc_column_text][vc_column_text]<\/p>\n<div style=\"max-width: 800px; margin: 0 auto; text-align: center; font-family: sans-serif; color: #444;\">\n<p style=\"font-size: 19px; color: #333; margin-bottom: 20px; letter-spacing: 0.5px; font-weight: 400;\">Un accompagnement structur\u00e9 pour concr\u00e9tiser votre projet<\/p>\n<div style=\"border: 1px solid rgba(192, 148, 61, 0.4); padding: 20px 35px; background-color: rgba(192, 148, 61, 0.03); display: inline-block; border-radius: 2px; min-width: 300px;\">\n<p style=\"margin: 0; font-size: 17px; font-style: italic; color: rgba(192, 148, 61, 1); line-height: 1.6;\">\u00c9tude approfondie avec planche d&rsquo;ambiance, croquis et dossier d\u00e9taill\u00e9<\/p>\n<\/div>\n<\/div>\n<p>[\/vc_column_text][vc_empty_space height=\u00a0\u00bb100px\u00a0\u00bb]<div  class=\"wpb_content_element   clearfix\"><style type=\"text\/css\">#ut_am_69f277eae1b47 { opacity: 1; }#ut_am_wrap_69f277eae1b48 .ut-image-gallery-item-caption-title h3 { letter-spacing: 0em; }#ut_am_wrap_69f277eae1b48 .ut-gallery-slider-caption { font-weight: bold; }#ut_am_wrap_69f277eae1b48 { text-align: left; }@media (min-width: 768px) and (max-width: 1024px) { #ut_am_wrap_69f277eae1b48 { text-align: left !important; } }@media (max-width: 767px) { #ut_am_wrap_69f277eae1b48 { text-align: center !important; } }<\/style><div id=\"ut_am_wrap_69f277eae1b48\" class=\"ut-image-gallery-image \"><div id=\"ut_reveal_69f277eae1b49\"  data-appear-top-offset=\"auto\" class=\"ut-animated-image-item ut-image-gallery-item ut-animation-done \"><a target=\"_self\" href=\"https:\/\/www.celinevarin.com\/index.php\/le-projet-decoration-complet\/\" ><div class=\"ut-animated-image-zoom\"><img loading=\"lazy\" decoding=\"async\" class=\"ut-lazy skip-lazy ut-animated-image \"  id=\"ut_am_69f277eae1b47\" src=\"data:image\/svg+xml;charset=utf-8,%3Csvg xmlns%3D'http%3A%2F%2Fwww.w3.org%2F2000%2Fsvg' viewBox%3D'0 0 1300 867'%2F%3E\" data-src=\"https:\/\/www.celinevarin.com\/wp-content\/uploads\/2026\/03\/close-up-woman-with-color-palette-1300x867.jpg\" width=\"1300\" height=\"867\" alt=\"\"\/><\/div><\/a><\/div><\/div><\/div>[\/vc_column][vc_column width=\u00a0\u00bb1\/2&Prime;][vc_column_text]<\/p>\n<div style=\"text-align: center; margin: 40px 0 20px 0;\">\n<h2 style=\"font-family: 'Great Vibes', cursive; color: rgba(192, 148, 61, 1); font-size: 55px; font-weight: 400; margin: 0; line-height: 1.2; text-shadow: 1px 1px 0px rgba(255,255,255,0.5);\"><a style=\"text-decoration: none !important; color: inherit !important; border: none !important; outline: none !important;\" href=\"https:\/\/www.celinevarin.com\/index.php\/conseils-decoration\/\"><br \/>\nLe Rendez-vous conseils d\u00e9coration<br \/>\n<\/a><\/h2>\n<p>[\/vc_column_text][vc_column_text]<\/p>\n<div style=\"max-width: 800px; margin: 0 auto; text-align: center; font-family: sans-serif; color: #444;\">\n<p style=\"font-size: 19px; color: #333; margin-bottom: 20px; letter-spacing: 0.5px; font-weight: 400;\">2 heures \u00e0 votre domicile pour d\u00e9bloquer votre projet<\/p>\n<div style=\"border: 1px solid rgba(192, 148, 61, 0.4); padding: 20px 35px; background-color: rgba(192, 148, 61, 0.03); display: inline-block; border-radius: 2px; min-width: 300px;\">\n<p style=\"margin: 0; font-size: 17px; font-style: italic; color: rgba(192, 148, 61, 1); line-height: 1.6;\">Id\u00e9al pour faire les bons choix en mati\u00e8re de couleur, mobiliers et agencement<\/p>\n<\/div>\n<\/div>\n<p>[\/vc_column_text][vc_empty_space height=\u00a0\u00bb100px\u00a0\u00bb]<div  class=\"wpb_content_element   clearfix\"><style type=\"text\/css\">#ut_am_69f277eae1fff { opacity: 1; }#ut_am_wrap_69f277eae2000 .ut-image-gallery-item-caption-title h3 { letter-spacing: 0em; }#ut_am_wrap_69f277eae2000 .ut-gallery-slider-caption { font-weight: bold; }#ut_am_wrap_69f277eae2000 { text-align: left; }@media (min-width: 768px) and (max-width: 1024px) { #ut_am_wrap_69f277eae2000 { text-align: left !important; } }@media (max-width: 767px) { #ut_am_wrap_69f277eae2000 { text-align: center !important; } }<\/style><div id=\"ut_am_wrap_69f277eae2000\" class=\"ut-image-gallery-image \"><div id=\"ut_reveal_69f277eae2001\"  data-appear-top-offset=\"auto\" class=\"ut-animated-image-item ut-image-gallery-item ut-animation-done \"><a target=\"_self\" href=\"https:\/\/www.celinevarin.com\/index.php\/le-coaching-decoration\/\" ><div class=\"ut-animated-image-zoom\"><img loading=\"lazy\" decoding=\"async\" class=\"ut-lazy skip-lazy ut-animated-image \"  id=\"ut_am_69f277eae1fff\" src=\"data:image\/svg+xml;charset=utf-8,%3Csvg xmlns%3D'http%3A%2F%2Fwww.w3.org%2F2000%2Fsvg' viewBox%3D'0 0 650 433'%2F%3E\" data-src=\"https:\/\/www.celinevarin.com\/wp-content\/uploads\/2026\/03\/top-view-boards-mdf-material-650x433.jpg\" width=\"650\" height=\"433\" alt=\"\"\/><\/div><\/a><\/div><\/div><\/div>[vc_empty_space][vc_column_text]<\/p>\n<div style=\"text-align: center; margin: 40px 0 20px 0;\">\n<h2 style=\"font-family: 'Great Vibes', cursive; color: rgba(192, 148, 61, 1); font-size: 55px; font-weight: 400; margin: 0; line-height: 1.2; text-shadow: 1px 1px 0px rgba(255,255,255,0.5);\"><a style=\"text-decoration: none !important; color: inherit !important; border: none !important; outline: none !important;\" href=\"https:\/\/www.celinevarin.com\/index.php\/le-projet-decoration-complet\/\"><br \/>\nLe projet d\u00e9coration complet<br \/>\n<\/a><\/h2>\n<p>[\/vc_column_text][vc_column_text]<\/p>\n<div style=\"max-width: 800px; margin: 0 auto; text-align: center; font-family: sans-serif; color: #444;\">\n<p style=\"font-size: 19px; color: #333; margin-bottom: 20px; letter-spacing: 0.5px; font-weight: 400;\">gestion compl\u00e8te de la conception \u00e0 la mise en place<\/p>\n<div style=\"border: 1px solid rgba(192, 148, 61, 0.4); padding: 20px 35px; background-color: rgba(192, 148, 61, 0.03); display: inline-block; border-radius: 2px; min-width: 300px;\">\n<p style=\"margin: 0; font-size: 17px; font-style: italic; color: rgba(192, 148, 61, 1); line-height: 1.6;\">Pens\u00e9 pour transformer votre int\u00e9rieur lors d&rsquo;une r\u00e9novation compl\u00e8te<\/p>\n<\/div>\n<\/div>\n<p>[\/vc_column_text][\/vc_column][\/vc_row][\/vc_section][vc_section][vc_row][vc_column][vc_column_text]<\/p>\n<h2 style=\"font-family: 'Great Vibes', cursive; color: rgba(192, 148, 61, 1); font-size: 50px; font-weight: 400; text-align: center; margin: 60px 0 25px 0; line-height: 1.2;\">Une approche douce et sur-mesure<\/h2>\n<p>[\/vc_column_text][vc_column_text]<\/p>\n<div style=\"text-align: center; max-width: 800px; margin: 0 auto 40px auto; font-family: sans-serif;\">\n<p style=\"font-size: 19px; color: #555; font-style: italic; line-height: 1.6; letter-spacing: 0.3px; margin: 0;\">Des services pens\u00e9s pour vous accompagner avec <span style=\"color: rgba(192, 148, 61, 1); font-weight: 600;\">bienveillance<\/span> et <span style=\"color: rgba(192, 148, 61, 1); font-weight: 600;\">professionnalisme<\/span>.<\/p>\n<div style=\"width: 40px; height: 1px; background-color: rgba(192, 148, 61, 0.4); margin: 20px auto 0 auto;\"><\/div>\n<\/div>\n<p>[\/vc_column_text][\/vc_column][\/vc_row][\/vc_section]<\/p>\n<\/div>\n<\/div>\n<\/div>","protected":false},"excerpt":{"rendered":"<p>[vc_section css=\u00a0\u00bb.vc_custom_1772973463643{margin-top: 0px !important;padding-top: 0px !important;}\u00a0\u00bb][vc_row][vc_column][\/vc_column][\/vc_row][\/vc_section][vc_section css=\u00a0\u00bb.vc_custom_1772973540258{margin-top: 0px !important;padding-top: 0px !important;}\u00a0\u00bb][vc_row][vc_column][\/vc_column][\/vc_row][\/vc_section][vc_section css=\u00a0\u00bb.vc_custom_1616000333063{padding-top: 40px !important;}\u00a0\u00bb][vc_row delay=\u00a0\u00bbtrue\u00a0\u00bb el_name=\u00a0\u00bbShowcase has margin bottom 0&Prime; effect=\u00a0\u00bbfadeIn\u00a0\u00bb][vc_column width=\u00a0\u00bb1\/2&Prime;][vc_empty_space height=\u00a0\u00bb50px\u00a0\u00bb][vc_column_text] Le Coaching d\u00e9coration &nbsp; [\/vc_column_text][vc_column_text] Un accompagnement structur\u00e9 pour concr\u00e9tiser votre projet \u00c9tude approfondie avec planche d&rsquo;ambiance, croquis et dossier d\u00e9taill\u00e9 [\/vc_column_text][vc_empty_space height=\u00a0\u00bb100px\u00a0\u00bb][\/vc_column][vc_column width=\u00a0\u00bb1\/2&Prime;][vc_column_text] Le Rendez-vous conseils d\u00e9coration [\/vc_column_text][vc_column_text] 2 heures \u00e0 [&hellip;]<\/p>\n","protected":false},"author":1,"featured_media":0,"parent":0,"menu_order":0,"comment_status":"closed","ping_status":"closed","template":"","meta":{"footnotes":""},"class_list":["post-9941","page","type-page","status-publish","hentry"],"_links":{"self":[{"href":"https:\/\/www.celinevarin.com\/index.php\/wp-json\/wp\/v2\/pages\/9941","targetHints":{"allow":["GET"]}}],"collection":[{"href":"https:\/\/www.celinevarin.com\/index.php\/wp-json\/wp\/v2\/pages"}],"about":[{"href":"https:\/\/www.celinevarin.com\/index.php\/wp-json\/wp\/v2\/types\/page"}],"author":[{"embeddable":true,"href":"https:\/\/www.celinevarin.com\/index.php\/wp-json\/wp\/v2\/users\/1"}],"replies":[{"embeddable":true,"href":"https:\/\/www.celinevarin.com\/index.php\/wp-json\/wp\/v2\/comments?post=9941"}],"version-history":[{"count":15,"href":"https:\/\/www.celinevarin.com\/index.php\/wp-json\/wp\/v2\/pages\/9941\/revisions"}],"predecessor-version":[{"id":10233,"href":"https:\/\/www.celinevarin.com\/index.php\/wp-json\/wp\/v2\/pages\/9941\/revisions\/10233"}],"wp:attachment":[{"href":"https:\/\/www.celinevarin.com\/index.php\/wp-json\/wp\/v2\/media?parent=9941"}],"curies":[{"name":"wp","href":"https:\/\/api.w.org\/{rel}","templated":true}]}}